{"id":1613,"date":"2015-02-03T14:49:09","date_gmt":"2015-02-03T13:49:09","guid":{"rendered":"http:\/\/leipzig-recht.de\/?page_id=1613"},"modified":"2020-01-30T13:37:13","modified_gmt":"2020-01-30T12:37:13","slug":"kontakt","status":"publish","type":"page","link":"https:\/\/leipzig-recht.de\/en\/kontakt\/","title":{"rendered":"Contact"},"content":{"rendered":"<div  class=\"vc_row wpb_row vc_row-fluid vc_custom_1478007643581 ts-row-wide\"   ><div class=\"wpb_column vc_column_container vc_col-sm-12\">\n\t<div class=\"wpb_wrapper\">\n\t<div class=\"vc_row wpb_row vc_inner vc_row-fluid\"><div class=\"wpb_column vc_column_container vc_col-sm-2\"><div class=\"vc_column-inner\"><div class=\"wpb_wrapper\"><\/div><\/div><\/div><div class=\"wpb_column vc_column_container vc_col-sm-8\"><div class=\"vc_column-inner\"><div class=\"wpb_wrapper\">\n\t<div class=\"wpb_text_column wpb_content_element\" >\n\t\t<div class=\"wpb_wrapper\">\n\t\t\t<h3 class=\"title-bottom-line\" style=\"font-weight: bold; color: #000000; text-align: center;\">PARKING POSSIBILITY<\/h3>\n<p style=\"text-align: center;\">Due to limited parking space in Simsonstra\u00dfe we recommend the underground car park (Beethovenstra\u00dfe 11) or parking in the street nearby (Grassistra\u00dfe).<br \/>\nYou may also reach us by public transport: LVB (tram line 11 \/ stop Hohe Str.) or DB (S-Bahn line S1 \/ stop Wilhelm-Leuschner-Platz).<\/p>\n\n\t\t<\/div>\n\t<\/div>\n<\/div><\/div><\/div><div class=\"wpb_column vc_column_container vc_col-sm-2\"><div class=\"vc_column-inner\"><div class=\"wpb_wrapper\"><\/div><\/div><\/div><\/div><div class=\"vc_row wpb_row vc_inner vc_row-fluid vc_custom_1478053234990\"><div class=\"wpb_column vc_column_container vc_col-sm-3\"><div class=\"vc_column-inner\"><div class=\"wpb_wrapper\">\n\t<div class=\"wpb_text_column wpb_content_element\" >\n\t\t<div class=\"wpb_wrapper\">\n\t\t\t<div class=\"office-address primary-text\" style=\"text-align: center;\">ADDRESS<\/div>\n<p style=\"text-align: center;\">Simsonstra\u00dfe 8<br \/>\n04107 Leipzig<\/p>\n\n\t\t<\/div>\n\t<\/div>\n<\/div><\/div><\/div><div class=\"wpb_column vc_column_container vc_col-sm-3\"><div class=\"vc_column-inner\"><div class=\"wpb_wrapper\">\n\t<div class=\"wpb_text_column wpb_content_element\" >\n\t\t<div class=\"wpb_wrapper\">\n\t\t\t<div class=\"phone-numbers primary-text\" style=\"text-align: center;\">PHONE<\/div>\n<p class=\"text-color-default\" style=\"text-align: center;\">+49 341 23 08 49 88<\/p>\n\n\t\t<\/div>\n\t<\/div>\n<\/div><\/div><\/div><div class=\"wpb_column vc_column_container vc_col-sm-3\"><div class=\"vc_column-inner\"><div class=\"wpb_wrapper\">\n\t<div class=\"wpb_text_column wpb_content_element\" >\n\t\t<div class=\"wpb_wrapper\">\n\t\t\t<div class=\"email-address primary-text\" style=\"text-align: center;\">E-MAIL<\/div>\n<p style=\"text-align: center;\">office(at)leipzig-recht.de<\/p>\n\n\t\t<\/div>\n\t<\/div>\n<\/div><\/div><\/div><div class=\"wpb_column vc_column_container vc_col-sm-3\"><div class=\"vc_column-inner\"><div class=\"wpb_wrapper\">\n\t<div class=\"wpb_text_column wpb_content_element\" >\n\t\t<div class=\"wpb_wrapper\">\n\t\t\t<div class=\"fax-numbers primary-text\" style=\"text-align: center;\">FAX<\/div>\n<p class=\"text-color-default\" style=\"text-align: center;\">+49 341 96 28 08 99<\/p>\n\n\t\t<\/div>\n\t<\/div>\n<\/div><\/div><\/div><\/div>\t<\/div>\n<\/div><\/div>\t<div  class=\"vc_row wpb_row vc_row-fluid map-contact vc_custom_1576935281950 ts-row-boxed vc_row-no-padding\"  data-vc-full-width=\"true\" data-vc-full-width-init=\"false\"  data-vc-stretch-content=\"true\"  ><div class=\"wpb_column vc_column_container vc_col-sm-12\">\n\t<div class=\"wpb_wrapper\">\n\t\n\t<div class=\"wpb_text_column wpb_content_element\" >\n\t\t<div class=\"wpb_wrapper\">\n\t\t\t<style>\n.google-maps2 {position: relative;padding-bottom: 75%;height: 0;overflow: hidden;margin-bottom: -600px!important;} .google-maps2 iframe {position: absolute;top: 0;left: 0;width: 100% !important;height: 100% !important;max-height: 560px;}<\/style>\n<div class=\"google-maps2\"><iframe loading=\"lazy\" style=\"border: 0;\" src=\"https:\/\/www.google.com\/maps\/embed?pb=!1m18!1m12!1m3!1d2492.9548334614215!2d12.367098515754193!3d51.330350579606446!2m3!1f0!2f0!3f0!3m2!1i1024!2i768!4f13.1!3m3!1m2!1s0x47a6f8295ccc632b%3A0xe1e0d3cddcbf193a!2sSimsonstra%C3%9Fe%208%2C%2004107%20Leipzig%2C%20Deutschland!5e0!3m2!1sde!2sus!4v1576751280882!5m2!1sde!2sus\" width=\"100%\" height=\"560\" frameborder=\"0\"><\/iframe><\/div>\n\n\t\t<\/div>\n\t<\/div>\n\t<\/div>\n<\/div><\/div><div class=\"vc_row-full-width\"><\/div>","protected":false},"excerpt":{"rendered":"PARKM\u00d6GLICHKEITEN Aufgrund der eingeschr\u00e4nkten Parkm\u00f6glichkeiten entlang der Simsonstra\u00dfe empfehlen wir Ihnen die Tiefgarage am Bundesverwaltungsgericht (Beethovenstra\u00dfe 11) oder das Parken in der Parallelstra\u00dfe (Grassistra\u00dfe). Zudem erreichen Sie uns mit den \u00f6ffentlichen Verkehrsmitteln der LVB (Tram Linie 11 \/ Haltestelle Hohe Str.) oder der DB (S-Bahn Linie S1 \/ Haltestelle Wilhelm-Leuschner-Platz). ADRESSE Simsonstra\u00dfe 8 04107 Leipzig [...]","protected":false},"author":1,"featured_media":0,"parent":0,"menu_order":0,"comment_status":"closed","ping_status":"closed","template":"","meta":{"footnotes":""},"class_list":["post-1613","page","type-page","status-publish","hentry"],"_links":{"self":[{"href":"https:\/\/leipzig-recht.de\/en\/wp-json\/wp\/v2\/pages\/1613","targetHints":{"allow":["GET"]}}],"collection":[{"href":"https:\/\/leipzig-recht.de\/en\/wp-json\/wp\/v2\/pages"}],"about":[{"href":"https:\/\/leipzig-recht.de\/en\/wp-json\/wp\/v2\/types\/page"}],"author":[{"embeddable":true,"href":"https:\/\/leipzig-recht.de\/en\/wp-json\/wp\/v2\/users\/1"}],"replies":[{"embeddable":true,"href":"https:\/\/leipzig-recht.de\/en\/wp-json\/wp\/v2\/comments?post=1613"}],"version-history":[{"count":18,"href":"https:\/\/leipzig-recht.de\/en\/wp-json\/wp\/v2\/pages\/1613\/revisions"}],"predecessor-version":[{"id":8440,"href":"https:\/\/leipzig-recht.de\/en\/wp-json\/wp\/v2\/pages\/1613\/revisions\/8440"}],"wp:attachment":[{"href":"https:\/\/leipzig-recht.de\/en\/wp-json\/wp\/v2\/media?parent=1613"}],"curies":[{"name":"wp","href":"https:\/\/api.w.org\/{rel}","templated":true}]}}