{"id":8335,"date":"2019-12-20T10:39:29","date_gmt":"2019-12-20T09:39:29","guid":{"rendered":"http:\/\/leipzig-recht.de\/?page_id=8335"},"modified":"2025-12-23T15:35:08","modified_gmt":"2025-12-23T14:35:08","slug":"referendariat","status":"publish","type":"page","link":"https:\/\/leipzig-recht.de\/en\/referendariat\/","title":{"rendered":"EDUCATION and STUDENTS"},"content":{"rendered":"<div  class=\"vc_row wpb_row vc_row-fluid ts-row-wide\"   ><div class=\"wpb_column vc_column_container vc_col-sm-2\">\n\t<div class=\"wpb_wrapper\">\n\t\t<\/div>\n<\/div><div class=\"wpb_column vc_column_container vc_col-sm-8\">\n\t<div class=\"wpb_wrapper\">\n\t\n\t<div class=\"wpb_text_column wpb_content_element\" >\n\t\t<div class=\"wpb_wrapper\">\n\t\t\t<p style=\"text-align: justify;\">We focus on practical training and therefore provide you with insights into all our working processes: whether it is the performance of initial interviews, the writing of letters and pleadings or the performance of client and court appointments - you are welcome to gain experience with us. Together we will discuss your time of attendance and your individual area of responsibility, taking into account the requirements of your theoretical training, too.<\/p>\n<p style=\"text-align: justify;\">If you want to start your career in a professional environment with flat hierarchies, you are making the right choice with us! We are looking forward to your informative application documents. Just send us an E-mail to office@leipzig-recht.de.<\/p>\n\n\t\t<\/div>\n\t<\/div>\n<div class=\"vc_row wpb_row vc_inner vc_row-fluid\"><div class=\"wpb_column vc_column_container vc_col-sm-6\"><div class=\"vc_column-inner\"><div class=\"wpb_wrapper\">\n\t<div  class=\"wpb_single_image wpb_content_element vc_align_center\">\n\t\t\n\t\t<figure class=\"wpb_wrapper vc_figure\">\n\t\t\t<div class=\"vc_single_image-wrapper   vc_box_border_grey\"><img loading=\"lazy\" decoding=\"async\" width=\"500\" height=\"330\" src=\"https:\/\/leipzig-recht.de\/wp-content\/uploads\/2020\/01\/gesetzesb\u00fccher-wessner.jpg\" class=\"vc_single_image-img attachment-full\" alt=\"\" srcset=\"https:\/\/leipzig-recht.de\/wp-content\/uploads\/2020\/01\/gesetzesb\u00fccher-wessner.jpg 500w, https:\/\/leipzig-recht.de\/wp-content\/uploads\/2020\/01\/gesetzesb\u00fccher-wessner-300x198.jpg 300w\" sizes=\"auto, (max-width: 500px) 100vw, 500px\" \/><\/div>\n\t\t<\/figure>\n\t<\/div>\n<\/div><\/div><\/div><div class=\"wpb_column vc_column_container vc_col-sm-6\"><div class=\"vc_column-inner\"><div class=\"wpb_wrapper\">\n\t<div  class=\"wpb_single_image wpb_content_element vc_align_center\">\n\t\t\n\t\t<figure class=\"wpb_wrapper vc_figure\">\n\t\t\t<div class=\"vc_single_image-wrapper   vc_box_border_grey\"><img loading=\"lazy\" decoding=\"async\" width=\"500\" height=\"333\" src=\"https:\/\/leipzig-recht.de\/wp-content\/uploads\/2020\/01\/wessner-leipzig-recht-skulptur.jpg\" class=\"vc_single_image-img attachment-full\" alt=\"\" srcset=\"https:\/\/leipzig-recht.de\/wp-content\/uploads\/2020\/01\/wessner-leipzig-recht-skulptur.jpg 500w, https:\/\/leipzig-recht.de\/wp-content\/uploads\/2020\/01\/wessner-leipzig-recht-skulptur-300x200.jpg 300w, https:\/\/leipzig-recht.de\/wp-content\/uploads\/2020\/01\/wessner-leipzig-recht-skulptur-480x320.jpg 480w\" sizes=\"auto, (max-width: 500px) 100vw, 500px\" \/><\/div>\n\t\t<\/figure>\n\t<\/div>\n<\/div><\/div><\/div><\/div>\t<\/div>\n<\/div><div class=\"wpb_column vc_column_container vc_col-sm-2\">\n\t<div class=\"wpb_wrapper\">\n\t\t<\/div>\n<\/div><\/div>","protected":false},"excerpt":{"rendered":"Wir setzen auf praxisnahe Ausbildung und erm\u00f6glichen Ihnen deshalb Einblicke in alle unsere Arbeitsprozesse: Sei es die Durchf\u00fchrung von Erstgespr\u00e4chen, das Verfassen von Schreiben und Schrifts\u00e4tzen oder die Wahrnehmung von Mandanten- und Gerichtsterminen \u2013 gern d\u00fcrfen Sie bei uns erste Erfahrungen sammeln. Ihre Pr\u00e4senzzeiten und Ihr individuelles Aufgabengebiet stimmen wir gemeinsam unter Ber\u00fccksichtigung der Anforderungen [...]","protected":false},"author":1,"featured_media":0,"parent":0,"menu_order":0,"comment_status":"closed","ping_status":"closed","template":"","meta":{"footnotes":""},"class_list":["post-8335","page","type-page","status-publish","hentry"],"_links":{"self":[{"href":"https:\/\/leipzig-recht.de\/en\/wp-json\/wp\/v2\/pages\/8335","targetHints":{"allow":["GET"]}}],"collection":[{"href":"https:\/\/leipzig-recht.de\/en\/wp-json\/wp\/v2\/pages"}],"about":[{"href":"https:\/\/leipzig-recht.de\/en\/wp-json\/wp\/v2\/types\/page"}],"author":[{"embeddable":true,"href":"https:\/\/leipzig-recht.de\/en\/wp-json\/wp\/v2\/users\/1"}],"replies":[{"embeddable":true,"href":"https:\/\/leipzig-recht.de\/en\/wp-json\/wp\/v2\/comments?post=8335"}],"version-history":[{"count":11,"href":"https:\/\/leipzig-recht.de\/en\/wp-json\/wp\/v2\/pages\/8335\/revisions"}],"predecessor-version":[{"id":9024,"href":"https:\/\/leipzig-recht.de\/en\/wp-json\/wp\/v2\/pages\/8335\/revisions\/9024"}],"wp:attachment":[{"href":"https:\/\/leipzig-recht.de\/en\/wp-json\/wp\/v2\/media?parent=8335"}],"curies":[{"name":"wp","href":"https:\/\/api.w.org\/{rel}","templated":true}]}}