{"id":8337,"date":"2019-12-20T10:40:48","date_gmt":"2019-12-20T09:40:48","guid":{"rendered":"http:\/\/leipzig-recht.de\/?page_id=8337"},"modified":"2020-01-27T12:40:02","modified_gmt":"2020-01-27T11:40:02","slug":"wohnungseigentumsrecht-weg","status":"publish","type":"page","link":"https:\/\/leipzig-recht.de\/en\/wohnungseigentumsrecht-weg\/","title":{"rendered":"RESIDENTIAL PROPERTY LAW"},"content":{"rendered":"<div  class=\"vc_row wpb_row vc_row-fluid ts-row-wide\"   ><div class=\"wpb_column vc_column_container vc_col-sm-2\">\n\t<div class=\"wpb_wrapper\">\n\t\t<\/div>\n<\/div><div class=\"wpb_column vc_column_container vc_col-sm-8\">\n\t<div class=\"wpb_wrapper\">\n\t\n\t<div class=\"wpb_text_column wpb_content_element\" >\n\t\t<div class=\"wpb_wrapper\">\n\t\t\t<p><strong>RESIDENTIAL PROPERTY LAW<\/strong><\/p>\n<p>You bought a condominium and the manager claims that you owe the settlement of unpaid homeowners\u2019 association dues of the previous owner? You own a condominium and you are unsure whether the divisional statement also allows the minor operation of an architectural firm? You are the manager of a homeowners\u2019 association and wish to draft a decision point for the upcoming homeowners\u2019 meeting?<\/p>\n<p>The residential property right (WEG law) describes in various laws and regulations the mutual legal relations, rights and duties of the homeowners among themselves and towards the homeowners\u2019 association and its manager. I will:<\/p>\n<ul>\n<li>prepare divisional statements and Community regulations,<\/li>\n<li>prepare and participate in homeowner meetings,<\/li>\n<li>prepare draft resolutions,<\/li>\n<li>execute or defend decision challenges and<\/li>\n<li>offer legal advice and representation of legal interests in closely interlinked secondary areas such as the land register law, the law of foreclosure and the insolvency law.<\/li>\n<li>Nebengebieten wie dem Grundbuchrecht, dem Recht der Zwangsvollstreckung und dem Insolvenzrecht.<\/li>\n<\/ul>\n\n\t\t<\/div>\n\t<\/div>\n\t<\/div>\n<\/div><div class=\"wpb_column vc_column_container vc_col-sm-2\">\n\t<div class=\"wpb_wrapper\">\n\t\t<\/div>\n<\/div><\/div>\t<div  class=\"vc_row wpb_row vc_row-fluid ts-row-wide\"   ><div class=\"wpb_column vc_column_container vc_col-sm-12\">\n\t<div class=\"wpb_wrapper\">\n\t\n\t<div class=\"wpb_text_column wpb_content_element\" >\n\t\t<div class=\"wpb_wrapper\">\n\t\t\t<p><\/p>\n\n\t\t<\/div>\n\t<\/div>\n\t<\/div>\n<\/div><\/div>\t<div  class=\"vc_row wpb_row vc_row-fluid vc_custom_1502868666307 ts-row-wide\"   ><div class=\"wpb_column vc_column_container vc_col-sm-4 vc_custom_1502868675481\">\n\t<div class=\"wpb_wrapper\">\n\t\t<div class=\"ts-feature-wrapper  feature-vertical text-default icon-small has-border has-image thumbnail-hover-effect\">\n\t\t<div class=\"feature-content\" style=\"border-color:#ebebeb\">\n\t\t\t<div class=\"feature-wrapper\">\n\t\t\t\t\t\t\t\t\n\t\t\t\t\t\t\t\t\t\n\t\t\t\t\t<a target=\"_self\" class=\"feature-thumbnail\" href=\"\/en\/arbeitsrecht\/\" >\n\t\t\t\t\t\t<img loading=\"lazy\" decoding=\"async\" width=\"500\" height=\"333\" src=\"https:\/\/leipzig-recht.de\/wp-content\/uploads\/2020\/01\/arbeitsrecht-wessner-leipzig.jpg\" class=\"img\" alt=\"\" srcset=\"https:\/\/leipzig-recht.de\/wp-content\/uploads\/2020\/01\/arbeitsrecht-wessner-leipzig.jpg 500w, https:\/\/leipzig-recht.de\/wp-content\/uploads\/2020\/01\/arbeitsrecht-wessner-leipzig-300x200.jpg 300w, https:\/\/leipzig-recht.de\/wp-content\/uploads\/2020\/01\/arbeitsrecht-wessner-leipzig-480x320.jpg 480w\" sizes=\"auto, (max-width: 500px) 100vw, 500px\" \/> \n\t\t\t\t\t\t<span class=\"overlay\"><\/span>\n\t\t\t\t\t<\/a>\n\t\t\t\t\t\n\t\t\t\t\t\t\t\t\n\t\t\t\t\t<header class=\"feature-header\">\n\t\t\t\t\n\t\t\t\t\t\t\t\t\t\t\t<h3 class=\"feature-title heading-title entry-title\">\n\t\t\t\t\t\t\t<a target=\"_self\" href=\"\/en\/arbeitsrecht\/\">LABOUR LAW<\/a>\n\t\t\t\t\t\t<\/h3>\n\t\t\t\t\t\t\t\t\t\t\n\t\t\t\t\t\t\t\t\t\t\t<div class=\"feature-excerpt\">\n\t\t\t\t\t\t\tYou received a termination of your employment contract and do not know how to react?\t\t\t\t\t\t<\/div>\n\t\t\t\t\t\t\t\t\t\n\t\t\t\t\t<\/header>\n\t\t\t<\/div>\n\t\t<\/div>\n\t<\/div>\n\t\t<\/div>\n<\/div><div class=\"wpb_column vc_column_container vc_col-sm-4 vc_custom_1502868681665\">\n\t<div class=\"wpb_wrapper\">\n\t\t<div class=\"ts-feature-wrapper  feature-vertical text-default icon-small has-border has-image thumbnail-hover-effect\">\n\t\t<div class=\"feature-content\" style=\"border-color:#ebebeb\">\n\t\t\t<div class=\"feature-wrapper\">\n\t\t\t\t\t\t\t\t\n\t\t\t\t\t\t\t\t\t\n\t\t\t\t\t<a target=\"_self\" class=\"feature-thumbnail\" href=\"\/en\/mietrecht\/\" >\n\t\t\t\t\t\t<img loading=\"lazy\" decoding=\"async\" width=\"500\" height=\"333\" src=\"https:\/\/leipzig-recht.de\/wp-content\/uploads\/2020\/01\/mietrecht-wessner-leipzig.jpg\" class=\"img\" alt=\"\" srcset=\"https:\/\/leipzig-recht.de\/wp-content\/uploads\/2020\/01\/mietrecht-wessner-leipzig.jpg 500w, https:\/\/leipzig-recht.de\/wp-content\/uploads\/2020\/01\/mietrecht-wessner-leipzig-300x200.jpg 300w, https:\/\/leipzig-recht.de\/wp-content\/uploads\/2020\/01\/mietrecht-wessner-leipzig-480x320.jpg 480w\" sizes=\"auto, (max-width: 500px) 100vw, 500px\" \/> \n\t\t\t\t\t\t<span class=\"overlay\"><\/span>\n\t\t\t\t\t<\/a>\n\t\t\t\t\t\n\t\t\t\t\t\t\t\t\n\t\t\t\t\t<header class=\"feature-header\">\n\t\t\t\t\n\t\t\t\t\t\t\t\t\t\t\t<h3 class=\"feature-title heading-title entry-title\">\n\t\t\t\t\t\t\t<a target=\"_self\" href=\"\/en\/mietrecht\/\">TENANCY LAW<\/a>\n\t\t\t\t\t\t<\/h3>\n\t\t\t\t\t\t\t\t\t\t\n\t\t\t\t\t\t\t\t\t\t\t<div class=\"feature-excerpt\">\n\t\t\t\t\t\t\tThe lessor of your apartment sent you a written warning accusing you of continuously violating the house rules?\t\t\t\t\t\t<\/div>\n\t\t\t\t\t\t\t\t\t\n\t\t\t\t\t<\/header>\n\t\t\t<\/div>\n\t\t<\/div>\n\t<\/div>\n\t\t<\/div>\n<\/div><div class=\"wpb_column vc_column_container vc_col-sm-4 vc_custom_1502868689225\">\n\t<div class=\"wpb_wrapper\">\n\t\t<div class=\"ts-feature-wrapper  feature-vertical text-default icon-small has-border has-image thumbnail-hover-effect\">\n\t\t<div class=\"feature-content\" style=\"border-color:#ebebeb\">\n\t\t\t<div class=\"feature-wrapper\">\n\t\t\t\t\t\t\t\t\n\t\t\t\t\t\t\t\t\t\n\t\t\t\t\t<a target=\"_self\" class=\"feature-thumbnail\" href=\"\/en\/wohnungseigentumsrecht-weg\/\" >\n\t\t\t\t\t\t<img loading=\"lazy\" decoding=\"async\" width=\"500\" height=\"333\" src=\"https:\/\/leipzig-recht.de\/wp-content\/uploads\/2020\/01\/wessner-leipzig-recht.jpg\" class=\"img\" alt=\"\" srcset=\"https:\/\/leipzig-recht.de\/wp-content\/uploads\/2020\/01\/wessner-leipzig-recht.jpg 500w, https:\/\/leipzig-recht.de\/wp-content\/uploads\/2020\/01\/wessner-leipzig-recht-300x200.jpg 300w, https:\/\/leipzig-recht.de\/wp-content\/uploads\/2020\/01\/wessner-leipzig-recht-480x320.jpg 480w\" sizes=\"auto, (max-width: 500px) 100vw, 500px\" \/> \n\t\t\t\t\t\t<span class=\"overlay\"><\/span>\n\t\t\t\t\t<\/a>\n\t\t\t\t\t\n\t\t\t\t\t\t\t\t\n\t\t\t\t\t<header class=\"feature-header\">\n\t\t\t\t\n\t\t\t\t\t\t\t\t\t\t\t<h3 class=\"feature-title heading-title entry-title\">\n\t\t\t\t\t\t\t<a target=\"_self\" href=\"\/en\/wohnungseigentumsrecht-weg\/\">RESIDENTIAL PROPERTY LAW<\/a>\n\t\t\t\t\t\t<\/h3>\n\t\t\t\t\t\t\t\t\t\t\n\t\t\t\t\t\t\t\t\t\t\t<div class=\"feature-excerpt\">\n\t\t\t\t\t\t\tYou bought a condominium and the manager claims that you owe the settlement of unpaid homeowners\u2019 association dues of the previous owner?\t\t\t\t\t\t<\/div>\n\t\t\t\t\t\t\t\t\t\n\t\t\t\t\t<\/header>\n\t\t\t<\/div>\n\t\t<\/div>\n\t<\/div>\n\t\t<\/div>\n<\/div><\/div>","protected":false},"excerpt":{"rendered":"Wohnungseigentumsrecht (WEG) Sie haben eine Eigentumswohnung gekauft und der Verwalter meint, Sie schulden den Ausgleich von Hausgeldr\u00fcckst\u00e4nden des Voreigent\u00fcmers? Ihnen geh\u00f6rt eine Eigentumswohnung und Sie sind sich unsicher, ob die Teilungserkl\u00e4rung auch den geringf\u00fcgigen Betrieb eines Architekturb\u00fcros gestattet. Sie sind Verwalter einer Eigent\u00fcmergemeinschaft und w\u00fcnschen den Entwurf eines Beschlusspunktes f\u00fcr die anstehende Eigent\u00fcmerversammlung? Das Wohnungseigentumsrecht [...]","protected":false},"author":1,"featured_media":0,"parent":0,"menu_order":0,"comment_status":"closed","ping_status":"closed","template":"","meta":{"footnotes":""},"class_list":["post-8337","page","type-page","status-publish","hentry"],"_links":{"self":[{"href":"https:\/\/leipzig-recht.de\/en\/wp-json\/wp\/v2\/pages\/8337","targetHints":{"allow":["GET"]}}],"collection":[{"href":"https:\/\/leipzig-recht.de\/en\/wp-json\/wp\/v2\/pages"}],"about":[{"href":"https:\/\/leipzig-recht.de\/en\/wp-json\/wp\/v2\/types\/page"}],"author":[{"embeddable":true,"href":"https:\/\/leipzig-recht.de\/en\/wp-json\/wp\/v2\/users\/1"}],"replies":[{"embeddable":true,"href":"https:\/\/leipzig-recht.de\/en\/wp-json\/wp\/v2\/comments?post=8337"}],"version-history":[{"count":4,"href":"https:\/\/leipzig-recht.de\/en\/wp-json\/wp\/v2\/pages\/8337\/revisions"}],"predecessor-version":[{"id":8432,"href":"https:\/\/leipzig-recht.de\/en\/wp-json\/wp\/v2\/pages\/8337\/revisions\/8432"}],"wp:attachment":[{"href":"https:\/\/leipzig-recht.de\/en\/wp-json\/wp\/v2\/media?parent=8337"}],"curies":[{"name":"wp","href":"https:\/\/api.w.org\/{rel}","templated":true}]}}