{"id":8339,"date":"2019-12-20T10:41:21","date_gmt":"2019-12-20T09:41:21","guid":{"rendered":"http:\/\/leipzig-recht.de\/?page_id=8339"},"modified":"2020-02-18T14:07:21","modified_gmt":"2020-02-18T13:07:21","slug":"mietrecht","status":"publish","type":"page","link":"https:\/\/leipzig-recht.de\/en\/mietrecht\/","title":{"rendered":"Tenancy Law"},"content":{"rendered":"<div  class=\"vc_row wpb_row vc_row-fluid ts-row-wide\"   ><div class=\"wpb_column vc_column_container vc_col-sm-2\">\n\t<div class=\"wpb_wrapper\">\n\t\t<\/div>\n<\/div><div class=\"wpb_column vc_column_container vc_col-sm-8\">\n\t<div class=\"wpb_wrapper\">\n\t\n\t<div class=\"wpb_video_widget wpb_content_element vc_clearfix   vc_video-aspect-ratio-169 vc_video-el-width-100 vc_video-align-left\" >\n\t\t<div class=\"wpb_wrapper\">\n\t\t\t\n\t\t\t<div class=\"wpb_video_wrapper\"><iframe loading=\"lazy\" title=\"MW Rechtsanwalt - Mietrecht\" width=\"500\" height=\"281\" src=\"https:\/\/www.youtube.com\/embed\/aGqfhaNSySY?feature=oembed\" frameborder=\"0\" allow=\"accelerometer; autoplay; clipboard-write; encrypted-media; gyroscope; picture-in-picture; web-share\" referrerpolicy=\"strict-origin-when-cross-origin\" allowfullscreen><\/iframe><\/div>\n\t\t<\/div>\n\t<\/div>\n\n\t<div class=\"wpb_text_column wpb_content_element\" >\n\t\t<div class=\"wpb_wrapper\">\n\t\t\t<p><strong>Tenancy Law<\/strong><\/p>\n<p>The lessor of your apartment sent you a written warning accusing you of continuously violating the house rules? The condominium you bought has been lent but you want to use it yourself? Your tenant runs a catering business in his rooms and argues the rent increase agreement in the commercial lease contract was ineffective?<br \/>\nIn tenancy law, the reciprocal mutual rights and obligations of the lessee and the lessor are established on a contractual basis. In commercial tenancy law there is quite a large freedom of agreement. Therefore, the lawyer should advise his client before concluding the contract in order to safeguard his interests. In contrast to commercial tenancy law, the contractual options in the area of \u200b\u200bresidential tenancy law are restricted by legislature. Precisely for this reason, the lawyer's activity should ideally begin here already in the design of the lease contract. Not only do I advise and represent you in the drafting of contracts, but also in the current contractual relationship regarding<\/p>\n<ul>\n<li>the defense against or prosecution of payment claims,<\/li>\n<li>complex rent increases or their defense,<\/li>\n<li>questions of the scope of a usage agreement,<\/li>\n<li>the preparation of or the defense against contract terminations and<\/li>\n<li>the assertion or defense against surrender claims.<\/li>\n<\/ul>\n\n\t\t<\/div>\n\t<\/div>\n\t<\/div>\n<\/div><div class=\"wpb_column vc_column_container vc_col-sm-2\">\n\t<div class=\"wpb_wrapper\">\n\t\t<\/div>\n<\/div><\/div>\t<div  class=\"vc_row wpb_row vc_row-fluid ts-row-wide\"   ><div class=\"wpb_column vc_column_container vc_col-sm-12\">\n\t<div class=\"wpb_wrapper\">\n\t\n\t<div class=\"wpb_text_column wpb_content_element\" >\n\t\t<div class=\"wpb_wrapper\">\n\t\t\t<p><\/p>\n\n\t\t<\/div>\n\t<\/div>\n\t<\/div>\n<\/div><\/div>\t<div  class=\"vc_row wpb_row vc_row-fluid vc_custom_1502868666307 ts-row-wide\"   ><div class=\"wpb_column vc_column_container vc_col-sm-4 vc_custom_1502868675481\">\n\t<div class=\"wpb_wrapper\">\n\t\t<div class=\"ts-feature-wrapper  feature-vertical text-default icon-small has-border has-image thumbnail-hover-effect\">\n\t\t<div class=\"feature-content\" style=\"border-color:#ebebeb\">\n\t\t\t<div class=\"feature-wrapper\">\n\t\t\t\t\t\t\t\t\n\t\t\t\t\t\t\t\t\t\n\t\t\t\t\t<a target=\"_self\" class=\"feature-thumbnail\" href=\"\/en\/arbeitsrecht\/\" >\n\t\t\t\t\t\t<img loading=\"lazy\" decoding=\"async\" width=\"500\" height=\"333\" src=\"https:\/\/leipzig-recht.de\/wp-content\/uploads\/2020\/01\/arbeitsrecht-wessner-leipzig.jpg\" class=\"img\" alt=\"\" srcset=\"https:\/\/leipzig-recht.de\/wp-content\/uploads\/2020\/01\/arbeitsrecht-wessner-leipzig.jpg 500w, https:\/\/leipzig-recht.de\/wp-content\/uploads\/2020\/01\/arbeitsrecht-wessner-leipzig-300x200.jpg 300w, https:\/\/leipzig-recht.de\/wp-content\/uploads\/2020\/01\/arbeitsrecht-wessner-leipzig-480x320.jpg 480w\" sizes=\"auto, (max-width: 500px) 100vw, 500px\" \/> \n\t\t\t\t\t\t<span class=\"overlay\"><\/span>\n\t\t\t\t\t<\/a>\n\t\t\t\t\t\n\t\t\t\t\t\t\t\t\n\t\t\t\t\t<header class=\"feature-header\">\n\t\t\t\t\n\t\t\t\t\t\t\t\t\t\t\t<h3 class=\"feature-title heading-title entry-title\">\n\t\t\t\t\t\t\t<a target=\"_self\" href=\"\/en\/arbeitsrecht\/\">LABOUR LAW<\/a>\n\t\t\t\t\t\t<\/h3>\n\t\t\t\t\t\t\t\t\t\t\n\t\t\t\t\t\t\t\t\t\t\t<div class=\"feature-excerpt\">\n\t\t\t\t\t\t\tYou received a termination of your employment contract and do not know how to react?\t\t\t\t\t\t<\/div>\n\t\t\t\t\t\t\t\t\t\n\t\t\t\t\t<\/header>\n\t\t\t<\/div>\n\t\t<\/div>\n\t<\/div>\n\t\t<\/div>\n<\/div><div class=\"wpb_column vc_column_container vc_col-sm-4 vc_custom_1502868681665\">\n\t<div class=\"wpb_wrapper\">\n\t\t<div class=\"ts-feature-wrapper  feature-vertical text-default icon-small has-border has-image thumbnail-hover-effect\">\n\t\t<div class=\"feature-content\" style=\"border-color:#ebebeb\">\n\t\t\t<div class=\"feature-wrapper\">\n\t\t\t\t\t\t\t\t\n\t\t\t\t\t\t\t\t\t\n\t\t\t\t\t<a target=\"_self\" class=\"feature-thumbnail\" href=\"\/en\/mietrecht\/\" >\n\t\t\t\t\t\t<img loading=\"lazy\" decoding=\"async\" width=\"500\" height=\"333\" src=\"https:\/\/leipzig-recht.de\/wp-content\/uploads\/2020\/01\/mietrecht-wessner-leipzig.jpg\" class=\"img\" alt=\"\" srcset=\"https:\/\/leipzig-recht.de\/wp-content\/uploads\/2020\/01\/mietrecht-wessner-leipzig.jpg 500w, https:\/\/leipzig-recht.de\/wp-content\/uploads\/2020\/01\/mietrecht-wessner-leipzig-300x200.jpg 300w, https:\/\/leipzig-recht.de\/wp-content\/uploads\/2020\/01\/mietrecht-wessner-leipzig-480x320.jpg 480w\" sizes=\"auto, (max-width: 500px) 100vw, 500px\" \/> \n\t\t\t\t\t\t<span class=\"overlay\"><\/span>\n\t\t\t\t\t<\/a>\n\t\t\t\t\t\n\t\t\t\t\t\t\t\t\n\t\t\t\t\t<header class=\"feature-header\">\n\t\t\t\t\n\t\t\t\t\t\t\t\t\t\t\t<h3 class=\"feature-title heading-title entry-title\">\n\t\t\t\t\t\t\t<a target=\"_self\" href=\"\/en\/mietrecht\/\">TENANCY LAW<\/a>\n\t\t\t\t\t\t<\/h3>\n\t\t\t\t\t\t\t\t\t\t\n\t\t\t\t\t\t\t\t\t\t\t<div class=\"feature-excerpt\">\n\t\t\t\t\t\t\tThe lessor of your apartment sent you a written warning accusing you of continuously violating the house rules?\t\t\t\t\t\t<\/div>\n\t\t\t\t\t\t\t\t\t\n\t\t\t\t\t<\/header>\n\t\t\t<\/div>\n\t\t<\/div>\n\t<\/div>\n\t\t<\/div>\n<\/div><div class=\"wpb_column vc_column_container vc_col-sm-4 vc_custom_1502868689225\">\n\t<div class=\"wpb_wrapper\">\n\t\t<div class=\"ts-feature-wrapper  feature-vertical text-default icon-small has-border has-image thumbnail-hover-effect\">\n\t\t<div class=\"feature-content\" style=\"border-color:#ebebeb\">\n\t\t\t<div class=\"feature-wrapper\">\n\t\t\t\t\t\t\t\t\n\t\t\t\t\t\t\t\t\t\n\t\t\t\t\t<a target=\"_self\" class=\"feature-thumbnail\" href=\"\/en\/wohnungseigentumsrecht-weg\/\" >\n\t\t\t\t\t\t<img loading=\"lazy\" decoding=\"async\" width=\"500\" height=\"333\" src=\"https:\/\/leipzig-recht.de\/wp-content\/uploads\/2020\/01\/wessner-leipzig-recht.jpg\" class=\"img\" alt=\"\" srcset=\"https:\/\/leipzig-recht.de\/wp-content\/uploads\/2020\/01\/wessner-leipzig-recht.jpg 500w, https:\/\/leipzig-recht.de\/wp-content\/uploads\/2020\/01\/wessner-leipzig-recht-300x200.jpg 300w, https:\/\/leipzig-recht.de\/wp-content\/uploads\/2020\/01\/wessner-leipzig-recht-480x320.jpg 480w\" sizes=\"auto, (max-width: 500px) 100vw, 500px\" \/> \n\t\t\t\t\t\t<span class=\"overlay\"><\/span>\n\t\t\t\t\t<\/a>\n\t\t\t\t\t\n\t\t\t\t\t\t\t\t\n\t\t\t\t\t<header class=\"feature-header\">\n\t\t\t\t\n\t\t\t\t\t\t\t\t\t\t\t<h3 class=\"feature-title heading-title entry-title\">\n\t\t\t\t\t\t\t<a target=\"_self\" href=\"\/en\/wohnungseigentumsrecht-weg\/\">RESIDENTIAL PROPERTY LAW<\/a>\n\t\t\t\t\t\t<\/h3>\n\t\t\t\t\t\t\t\t\t\t\n\t\t\t\t\t\t\t\t\t\t\t<div class=\"feature-excerpt\">\n\t\t\t\t\t\t\tYou bought a condominium and the manager claims that you owe the settlement of unpaid homeowners\u2019 association dues of the previous owner?\t\t\t\t\t\t<\/div>\n\t\t\t\t\t\t\t\t\t\n\t\t\t\t\t<\/header>\n\t\t\t<\/div>\n\t\t<\/div>\n\t<\/div>\n\t\t<\/div>\n<\/div><\/div>","protected":false},"excerpt":{"rendered":"Mietrecht Der Vermieter Ihrer Wohnung hat Ihnen eine Abmahnung zukommen lassen, weil Sie angeblich fortlaufend gegen die Hausordnung versto\u00dfen? Sie haben eine vermietete Eigentumswohnung gekauft und wollen selbst darin wohnen? Ihr Mieter betreibt in den R\u00e4umen einen gastronomischen Betrieb und ist der Meinung, die Mieterh\u00f6hungsvereinbarung im gewerblichen Mietvertrag sei unwirksam? Im Mietrecht werden die wechselseitigen [...]","protected":false},"author":1,"featured_media":0,"parent":0,"menu_order":0,"comment_status":"closed","ping_status":"closed","template":"","meta":{"footnotes":""},"class_list":["post-8339","page","type-page","status-publish","hentry"],"_links":{"self":[{"href":"https:\/\/leipzig-recht.de\/en\/wp-json\/wp\/v2\/pages\/8339","targetHints":{"allow":["GET"]}}],"collection":[{"href":"https:\/\/leipzig-recht.de\/en\/wp-json\/wp\/v2\/pages"}],"about":[{"href":"https:\/\/leipzig-recht.de\/en\/wp-json\/wp\/v2\/types\/page"}],"author":[{"embeddable":true,"href":"https:\/\/leipzig-recht.de\/en\/wp-json\/wp\/v2\/users\/1"}],"replies":[{"embeddable":true,"href":"https:\/\/leipzig-recht.de\/en\/wp-json\/wp\/v2\/comments?post=8339"}],"version-history":[{"count":9,"href":"https:\/\/leipzig-recht.de\/en\/wp-json\/wp\/v2\/pages\/8339\/revisions"}],"predecessor-version":[{"id":8442,"href":"https:\/\/leipzig-recht.de\/en\/wp-json\/wp\/v2\/pages\/8339\/revisions\/8442"}],"wp:attachment":[{"href":"https:\/\/leipzig-recht.de\/en\/wp-json\/wp\/v2\/media?parent=8339"}],"curies":[{"name":"wp","href":"https:\/\/api.w.org\/{rel}","templated":true}]}}