{"id":8390,"date":"2019-12-21T14:27:42","date_gmt":"2019-12-21T13:27:42","guid":{"rendered":"http:\/\/leipzig-recht.de\/?page_id=8390"},"modified":"2019-12-21T14:37:45","modified_gmt":"2019-12-21T13:37:45","slug":"team","status":"publish","type":"page","link":"https:\/\/leipzig-recht.de\/en\/team\/","title":{"rendered":"Team"},"content":{"rendered":"<div id='kompetenzen' class=\"vc_row wpb_row vc_row-fluid ts-row-wide\"   ><div class=\"wpb_column vc_column_container vc_col-sm-12\">\n\t<div class=\"wpb_wrapper\">\n\t<div class=\"ts-heading heading-3 center\"><h3>WHO WE ARE<\/h3><\/div><div class=\"vc_row wpb_row vc_inner vc_row-fluid\"><div class=\"wpb_column vc_column_container vc_col-sm-6\"><div class=\"vc_column-inner\"><div class=\"wpb_wrapper\">\t\t\t<div class=\"ts-team-member\">\n\t\t\t\t<div class=\"content-thumbnail\">\n\t\t\t\t\t\t\t\t\t\t\t<div class=\"image-thumbnail\">\n\t\t\t\t\t\t\t<figure>\n\t\t\t\t\t\t\t<img loading=\"lazy\" decoding=\"async\" width=\"580\" height=\"380\" src=\"https:\/\/leipzig-recht.de\/wp-content\/uploads\/2015\/01\/michael-wessner-leipzig-580x380.jpg\" class=\"attachment-ts_team_thumb size-ts_team_thumb wp-post-image\" alt=\"\" \/>\t\t\t\t\t\t\t<\/figure>\n\t\t\t\t\t\t<\/div>\n\t\t\t\t\t\t\t\t\t\t<div class=\"member-social\"><a class=\"custom\" href=\"mailto:office@leipzig-recht.de\" target=\"_self\"><i class=\"fa far fa-envelope\"><\/i><\/a><\/div>\n\t\t\t\t<\/div>\n\t\t\t\t<header>\n\t\t\t\t\t<div class=\"member-name\"><h3><a class=\"name\" href=\"\/en\/team\/michael-wessner\/\" target=\"_self\">Michael Wessner<\/a><\/h3><\/div>\n\t\t\t\t\t<div class=\"member-role\">Specialist lawyer for employment law, tenancy law and residential property law<\/div>\n\t\t\t\t\t<div class=\"member-excerpt\"><\/div>\n\t\t\t\t<\/header>\n\t\t\t<\/div>\n\t\t\t\n\t<div class=\"wpb_text_column wpb_content_element\" >\n\t\t<div class=\"wpb_wrapper\">\n\t\t\t<div style=\"display: flex; align-items: center; justify-content: center;\"><a href=\"\/en\/team\/michael-wessner\/\"><button>more about micheal wessner<\/button><\/a><\/div>\n\n\t\t<\/div>\n\t<\/div>\n<\/div><\/div><\/div><div class=\"wpb_column vc_column_container vc_col-sm-6\"><div class=\"vc_column-inner\"><div class=\"wpb_wrapper\">\t\t\t<div class=\"ts-team-member\">\n\t\t\t\t<div class=\"content-thumbnail\">\n\t\t\t\t\t\t\t\t\t\t\t<div class=\"image-thumbnail\">\n\t\t\t\t\t\t\t<figure>\n\t\t\t\t\t\t\t<img loading=\"lazy\" decoding=\"async\" width=\"580\" height=\"380\" src=\"https:\/\/leipzig-recht.de\/wp-content\/uploads\/2015\/06\/katja-schmidt-leipzig-580x380.jpg\" class=\"attachment-ts_team_thumb size-ts_team_thumb wp-post-image\" alt=\"\" \/>\t\t\t\t\t\t\t<\/figure>\n\t\t\t\t\t\t<\/div>\n\t\t\t\t\t\t\t\t\t\t<div class=\"member-social\"><a class=\"custom\" href=\"mailto:office@leipzig-recht.de\" target=\"_self\"><i class=\"fa far fa-envelope\"><\/i><\/a><\/div>\n\t\t\t\t<\/div>\n\t\t\t\t<header>\n\t\t\t\t\t<div class=\"member-name\"><h3><a class=\"name\" href=\"\/en\/team\/katja-schmidt\/\" target=\"_self\">Katja Schmidt<\/a><\/h3><\/div>\n\t\t\t\t\t<div class=\"member-role\">Rechtsanwaltsfachangestellte, B\u00fcro-\/Sekretariatsleitung<\/div>\n\t\t\t\t\t<div class=\"member-excerpt\"><\/div>\n\t\t\t\t<\/header>\n\t\t\t<\/div>\n\t\t\t\n\t<div class=\"wpb_text_column wpb_content_element\" >\n\t\t<div class=\"wpb_wrapper\">\n\t\t\t<div style=\"display: flex; align-items: center; justify-content: center;\"><a href=\"\/en\/team\/katja-schmidt\/\"><button>More about Katja Schmidt<\/button><\/a><\/div>\n\n\t\t<\/div>\n\t<\/div>\n<\/div><\/div><\/div><\/div>\t<\/div>\n<\/div><\/div>","protected":false},"excerpt":{"rendered":"Mein Name ist Katja Schmidt. Als Rechtsanwaltsfachangestellte unterst\u00fctze ich Ihre Anliegen auf der organisatorischen Ebene, indem ich Ihre Angaben erfasse, auf Vollst\u00e4ndigkeit und Aktualit\u00e4t \u00fcberwache und in vielen F\u00e4llen die Kommunikation direkt mit Ihnen f\u00fchre. Zudem \u00fcbernehme ich die Fristen- und Termin\u00fcberwachung und \u2013Koordination, und ich unterst\u00fctze inhaltlich in wichtigen Bereichen wie Mahnwesen und Zwangsvollstreckung. [...]","protected":false},"author":1,"featured_media":0,"parent":0,"menu_order":0,"comment_status":"closed","ping_status":"closed","template":"","meta":{"footnotes":""},"class_list":["post-8390","page","type-page","status-publish","hentry"],"_links":{"self":[{"href":"https:\/\/leipzig-recht.de\/en\/wp-json\/wp\/v2\/pages\/8390","targetHints":{"allow":["GET"]}}],"collection":[{"href":"https:\/\/leipzig-recht.de\/en\/wp-json\/wp\/v2\/pages"}],"about":[{"href":"https:\/\/leipzig-recht.de\/en\/wp-json\/wp\/v2\/types\/page"}],"author":[{"embeddable":true,"href":"https:\/\/leipzig-recht.de\/en\/wp-json\/wp\/v2\/users\/1"}],"replies":[{"embeddable":true,"href":"https:\/\/leipzig-recht.de\/en\/wp-json\/wp\/v2\/comments?post=8390"}],"version-history":[{"count":2,"href":"https:\/\/leipzig-recht.de\/en\/wp-json\/wp\/v2\/pages\/8390\/revisions"}],"predecessor-version":[{"id":8398,"href":"https:\/\/leipzig-recht.de\/en\/wp-json\/wp\/v2\/pages\/8390\/revisions\/8398"}],"wp:attachment":[{"href":"https:\/\/leipzig-recht.de\/en\/wp-json\/wp\/v2\/media?parent=8390"}],"curies":[{"name":"wp","href":"https:\/\/api.w.org\/{rel}","templated":true}]}}