{"id":8393,"date":"2019-12-21T14:32:14","date_gmt":"2019-12-21T13:32:14","guid":{"rendered":"http:\/\/leipzig-recht.de\/?page_id=8393"},"modified":"2020-01-16T07:10:54","modified_gmt":"2020-01-16T06:10:54","slug":"impressum","status":"publish","type":"page","link":"https:\/\/leipzig-recht.de\/en\/impressum\/","title":{"rendered":"Legal notice"},"content":{"rendered":"<p><strong>Rechtsanwaltskanzlei Michael Wessner<\/strong><br \/>\nInhaber:<br \/>\nMichael Wessner<\/p>\n<p>Anschrift:<br \/>\nSimsonstra\u00dfe 8, 04107 Leipzig<\/p>\n<p>Tel.: +49 341 23 08 49 88<br \/>\nFax: +49 341 96 28 08 99<br \/>\nMail: office@leipzig-recht.de<br \/>\nWeb: www.leipzig-recht.de<\/p>\n<p>Berufshaftpflicht: ERGO Versicherung AG<br \/>\n<strong>Berufsbezeichnung und zust\u00e4ndige Kammer<\/strong><br \/>\nDer Diensteanbieter ist als Rechtsanwalt nach dem Recht der Bundesrepublik Deutschland zugelassen. Er ist Mitglied der<br \/>\nRechtsanwaltskammer Sachsen<br \/>\nGlacisstra\u00dfe 6<br \/>\n01099 Dresden<\/p>\n<p>Telefon: +49 (0) 351 \/ 31 85 90<br \/>\nTelefax: +49 (0) 351 \/ 33 60 899<br \/>\nE-Mail: info@rak-sachsen.de<br \/>\nInternet: www.rak-sachsen.de<\/p>\n<p><strong>Berufsrechtliche Regelungen<\/strong><br \/>\nEs gelten die folgenden berufsrechtlichen Regelungen:<br \/>\nBundesrechtsanwaltsordnung (BRAO),<br \/>\nBerufsordnung f\u00fcr Rechtsanw\u00e4lte (BORA),<br \/>\nFachanwaltsordnung (FAO)<br \/>\nRechtsanwaltsverg\u00fctungsgesetz (RVG)<br \/>\nBerufsregeln der Rechtsanw\u00e4lte der Europ\u00e4ischen Union (CCBE)<br \/>\nDie berufsrechtlichen Regelungen k\u00f6nnen \u00fcber die Homepage der Bundesrechtsanwaltskammer (www.brak.de) in der Rubrik \u201eBerufsrecht\u201c eingesehen und abgerufen werden.<\/p>\n<p><strong>Au\u00dfergerichtliche Streitschlichtung<\/strong><br \/>\nBei Streitigkeiten zwischen Rechtsanw\u00e4lten und ihren Auftraggebern besteht auf Antrag die M\u00f6glichkeit der au\u00dfergerichtlichen Streitschlichtung bei der regionalen Rechtsanwaltskammer Dresden (gem\u00e4\u00df \u00a7 73 Abs. 2 Nr. 3 i.V.m. \u00a7 73 Abs. 5 BRAO) oder bei der Schlichtungsstelle der Rechtsanwaltschaft (\u00a7 191f BRAO) bei der Bundesrechtsanwaltskammer, im Internet zu finden \u00fcber die Homepage der Bundesrechtsanwaltskammer (www.brak.de), E -Mail: schlichtungsstelle@s-d-r.org.<\/p>\n<p><strong>Haftungshinweis<\/strong><br \/>\nUnser Angebot enth\u00e4lt Links zu externen Webseiten Dritter, auf deren Inhalte wir keinen Einfluss haben. Deshalb k\u00f6nnen wir f\u00fcr diese fremden Inhalte auch keine Gew\u00e4hr \u00fcbernehmen. F\u00fcr die Inhalte der verlinkten Seiten ist stets der jeweilige Anbieter oder Betreiber der Seiten verantwortlich. Die verlinkten Seiten wurden zum Zeitpunkt der Verlinkung auf m\u00f6gliche Rechtsverst\u00f6\u00dfe \u00fcberpr\u00fcft. Rechtswidrige Inhalte waren zum Zeitpunkt der Verlinkung nicht erkennbar. Eine permanente inhaltliche Kontrolle der verlinkten Seiten ist jedoch ohne konkrete Anhaltspunkte einer Rechtsverletzung nicht zumutbar. Bei bekannt werden von Rechtsverletzungen werden wir derartige Links umgehend entfernen.<\/p>\n<p>Verantwortliche Redaktion<br \/>\nRechtsanwalt Michael We\u00dfner<\/p>","protected":false},"excerpt":{"rendered":"<p>Rechtsanwaltskanzlei Michael Wessner Inhaber: Michael We\u00dfner Anschrift: Simsonstra\u00dfe 8, 04107 Leipzig Tel.: +49 341 23 08 49 88 Fax: +49 341 96 28 08 99 Mail: office@leipzig-recht.de Web: www.leipzig-recht.de Berufshaftpflicht: ERGO Versicherung AG Berufsbezeichnung und zust\u00e4ndige Kammer Der Diensteanbieter ist als Rechtsanwalt nach dem Recht der Bundesrepublik Deutschland zugelassen. Er ist Mitglied der Rechtsanwaltskammer Sachsen [&hellip;]<\/p>","protected":false},"author":1,"featured_media":0,"parent":0,"menu_order":0,"comment_status":"closed","ping_status":"closed","template":"","meta":{"footnotes":""},"class_list":["post-8393","page","type-page","status-publish","hentry"],"_links":{"self":[{"href":"https:\/\/leipzig-recht.de\/en\/wp-json\/wp\/v2\/pages\/8393","targetHints":{"allow":["GET"]}}],"collection":[{"href":"https:\/\/leipzig-recht.de\/en\/wp-json\/wp\/v2\/pages"}],"about":[{"href":"https:\/\/leipzig-recht.de\/en\/wp-json\/wp\/v2\/types\/page"}],"author":[{"embeddable":true,"href":"https:\/\/leipzig-recht.de\/en\/wp-json\/wp\/v2\/users\/1"}],"replies":[{"embeddable":true,"href":"https:\/\/leipzig-recht.de\/en\/wp-json\/wp\/v2\/comments?post=8393"}],"version-history":[{"count":5,"href":"https:\/\/leipzig-recht.de\/en\/wp-json\/wp\/v2\/pages\/8393\/revisions"}],"predecessor-version":[{"id":8477,"href":"https:\/\/leipzig-recht.de\/en\/wp-json\/wp\/v2\/pages\/8393\/revisions\/8477"}],"wp:attachment":[{"href":"https:\/\/leipzig-recht.de\/en\/wp-json\/wp\/v2\/media?parent=8393"}],"curies":[{"name":"wp","href":"https:\/\/api.w.org\/{rel}","templated":true}]}}