{"id":8512,"date":"2021-03-30T15:12:27","date_gmt":"2021-03-30T13:12:27","guid":{"rendered":"http:\/\/leipzig-recht.de\/?page_id=8512"},"modified":"2021-03-31T15:42:52","modified_gmt":"2021-03-31T13:42:52","slug":"beitraege-wohnungseigentumsrecht","status":"publish","type":"page","link":"https:\/\/leipzig-recht.de\/en\/beitraege-wohnungseigentumsrecht\/","title":{"rendered":"Residential Property Law Articles"},"content":{"rendered":"<div  class=\"vc_row wpb_row vc_row-fluid ts-row-wide\"   ><div class=\"wpb_column vc_column_container vc_col-sm-12\">\n\t<div class=\"wpb_wrapper\">\n\t\t<\/div>\n<\/div><\/div>\t<div  class=\"vc_row wpb_row vc_row-fluid ts-row-wide\"   ><div class=\"wpb_column vc_column_container vc_col-sm-12\">\n\t<div class=\"wpb_wrapper\">\n\t\n\t<div class=\"wpb_text_column wpb_content_element\" >\n\t\t<div class=\"wpb_wrapper\">\n\t\t\t<h5 style=\"text-align: center;\">Here you will find our latest articles on residential property law.<\/h5>\n\n\t\t<\/div>\n\t<\/div>\n\t<\/div>\n<\/div><\/div>\t<div  class=\"vc_row wpb_row vc_row-fluid ts-row-wide\"   ><div class=\"wpb_column vc_column_container vc_col-sm-12\">\n\t<div class=\"wpb_wrapper\">\n\t<div class=\"vc_separator wpb_content_element vc_separator_align_center vc_sep_width_100 vc_sep_pos_align_center vc_separator_no_text vc_sep_color_grey\" ><span class=\"vc_sep_holder vc_sep_holder_l\"><span  class=\"vc_sep_line\"><\/span><\/span><span class=\"vc_sep_holder vc_sep_holder_r\"><span  class=\"vc_sep_line\"><\/span><\/span>\n<\/div>\t<\/div>\n<\/div><\/div>\t<div  class=\"vc_row wpb_row vc_row-fluid ts-row-wide\"   ><div class=\"wpb_column vc_column_container vc_col-sm-12\">\n\t<div class=\"wpb_wrapper\">\n\t\n\t<div class=\"wpb_text_column wpb_content_element\" >\n\t\t<div class=\"wpb_wrapper\">\n\t\t\t            <div id=\"post-grid-lazy-8584\" class=\"post-grid-lazy\"><img decoding=\"async\" alt=\"\" src=\"\" \/><\/div>\n        <script>\n            jQuery('#post-grid-lazy-8584').ready(function($) {\n                $('#post-grid-lazy-8584').fadeOut();\n                $('#post-grid-8584   ').fadeIn();\n            })\n        <\/script>\n        <style type=\"text\/css\">\n            #post-grid-8584 {\n                display: none;\n            }\n\n            .post-grid-lazy {\n                text-align: center;\n            }\n        <\/style>\n        <div data-options='{&quot;id&quot;:&quot;8584&quot;,&quot;lazy_load&quot;:&quot;yes&quot;,&quot;masonry_enable&quot;:&quot;no&quot;,&quot;view_type&quot;:&quot;grid&quot;}' id=\"post-grid-8584\" class=\"post-grid grid\">\n                <div class=\"grid-items\">\n            <div class=\"item item-9049 skin flat even 0\">\n                <div class=\"layer-wrapper layout-\">\n                <div class=\"layer-media\"><\/div>\n    <div class=\"layer-content\">\n            <div class=\"element element_0  element-media\">\n        \n\n    <\/div>\n    <div class=\"element element_1  title_link\">\n                    <a target=\"\" href=\"https:\/\/leipzig-recht.de\/en\/kein-zurueckbehaltungsrecht-beim-hausgeld\/\">Kein Zur\u00fcckbehaltungsrecht beim Hausgeld<\/a>\n            <\/div>\n    <div class=\"element element_2  excerpt\">\n        Mit Urteil vom 14.11.2025 (V ZR 190\/24) hat der BGH entschieden, dass Wohnungseigent\u00fcmer laufende Hausgeldzahlungen nicht zur\u00fcckbehalten d\u00fcrfen \u2013 weder            <\/div>\n            <a class=\"element element_3  read_more\" target=\"\" href=\"https:\/\/leipzig-recht.de\/en\/kein-zurueckbehaltungsrecht-beim-hausgeld\/\"><\/a>\n    \n    <\/div>\n        <\/div>\n    <\/div><div class=\"item item-9036 skin flat odd 1\">\n                <div class=\"layer-wrapper layout-\">\n                <div class=\"layer-media\"><\/div>\n    <div class=\"layer-content\">\n            <div class=\"element element_0  element-media\">\n        \n\n    <\/div>\n    <div class=\"element element_1  title_link\">\n                    <a target=\"\" href=\"https:\/\/leipzig-recht.de\/en\/haftung-bei-raeum-und-streupflicht\/\">Liability for Snow and Ice Removal Obligations<\/a>\n            <\/div>\n    <div class=\"element element_2  excerpt\">\n        In its ruling of August 6, 2025 (Case No. VIII ZR 250\/23), the German Federal Court of Justice (BGH) clarified the liability of landlords who are also apartment owners when snow removal and            <\/div>\n            <a class=\"element element_3  read_more\" target=\"\" href=\"https:\/\/leipzig-recht.de\/en\/haftung-bei-raeum-und-streupflicht\/\"><\/a>\n    \n    <\/div>\n        <\/div>\n    <\/div><div class=\"item item-8991 skin flat even 2\">\n                <div class=\"layer-wrapper layout-\">\n                <div class=\"layer-media\"><\/div>\n    <div class=\"layer-content\">\n            <div class=\"element element_0  element-media\">\n        \n\n    <\/div>\n    <div class=\"element element_1  title_link\">\n                    <a target=\"\" href=\"https:\/\/leipzig-recht.de\/en\/erstellung-der-jahresabrechnung\/\">Erstellung der Jahresabrechnung<\/a>\n            <\/div>\n    <div class=\"element element_2  excerpt\">\n        Mit Urteil vom 26.09.2025 zum gerichtlichen Aktenzeichen V ZR 206\/24 entschied der BGH mit folgenden amtlichen Leits\u00e4tzen: Zur Erstellung von            <\/div>\n            <a class=\"element element_3  read_more\" target=\"\" href=\"https:\/\/leipzig-recht.de\/en\/erstellung-der-jahresabrechnung\/\"><\/a>\n    \n    <\/div>\n        <\/div>\n    <\/div><div class=\"item item-8844 skin flat odd 3\">\n                <div class=\"layer-wrapper layout-\">\n                <div class=\"layer-media\"><\/div>\n    <div class=\"layer-content\">\n            <div class=\"element element_0  element-media\">\n        \n\n    <\/div>\n    <div class=\"element element_1  title_link\">\n                    <a target=\"\" href=\"https:\/\/leipzig-recht.de\/en\/verwalterpflichten-bei-bauleistungen-fuer-die-gemeinschaft\/\">Verwalterpflichten bei Bauleistungen f\u00fcr die Gemeinschaft<\/a>\n            <\/div>\n    <div class=\"element element_2  excerpt\">\n        Schlie\u00dft eine Gemeinschaft der Wohnungseigent\u00fcmer mit einem Werkunternehmer einen Vertrag zur Erhaltung des gemeinschaftlichen Eigentums, so obliegt es dem Verwalter,            <\/div>\n            <a class=\"element element_3  read_more\" target=\"\" href=\"https:\/\/leipzig-recht.de\/en\/verwalterpflichten-bei-bauleistungen-fuer-die-gemeinschaft\/\"><\/a>\n    \n    <\/div>\n        <\/div>\n    <\/div><div class=\"item item-8627 skin flat even 4\">\n                <div class=\"layer-wrapper layout-\">\n                <div class=\"layer-media\"><\/div>\n    <div class=\"layer-content\">\n            <div class=\"element element_0  element-media\">\n        \n\n    <\/div>\n    <div class=\"element element_1  title_link\">\n                    <a target=\"\" href=\"https:\/\/leipzig-recht.de\/en\/weg-novelle-vom-01-12-2020\/\">Residential property law amendment from December 1st, 2020<\/a>\n            <\/div>\n    <div class=\"element element_2  excerpt\">\n        On Tuesday, December 1st, 2020, a law to modernize residential property law came into force. Part of this law is a comprehensive restructuring            <\/div>\n            <a class=\"element element_3  read_more\" target=\"\" href=\"https:\/\/leipzig-recht.de\/en\/weg-novelle-vom-01-12-2020\/\"><\/a>\n    \n    <\/div>\n        <\/div>\n    <\/div>        <\/div>\n        <div class=\"pagination\">\n            <div class=\"paginate\">\n            <\/div>\n    <style type=\"text\/css\">\n        #post-grid-8584 .pagination .page-numbers {\n            font-size: 16px;\n            color: #fff;\n            background: #646464;\n        }\n\n        #post-grid-8584 .pagination .page-numbers:hover,\n        #post-grid-8584 .pagination .page-numbers.current {\n            background: #4b4b4b;\n        }\n    <\/style>\n    <\/div>\n    <style type=\"text\/css\">\n        #post-grid-8584 .element_0 {\n            display: block;font-size: 21px;line-height: normal;padding: 5px 10px;text-align: left; text-decoration: none;        }\n\n        #post-grid-8584 .element_1 {\n            display: block;font-size: 21px;line-height: normal;padding: 5px 10px;text-align: left; text-decoration: none;        }\n\n        #post-grid-8584 .element_2 {\n            display: block;font-size: 14px;padding: 5px 10px;text-align: left;        }\n\n        #post-grid-8584 .element_3 {\n            display: block;font-size: 12px;font-weight: bold;padding: 0 10px;text-align: left;text-decoration: none;        }\n\n        #post-grid-8584 .element_0:hover{}#post-grid-8584 .element_1:hover{}#post-grid-8584 .element_2:hover{}#post-grid-8584 .element_3:hover{}    <\/style>\n    \n\n        <script>\n        \n            <\/script>\n        <style type=\"text\/css\">\n        #post-grid-8584 {\n            padding: 10px;\n                    }\n\n        #post-grid-8584 .item {\n            \/*             margin:;\n         *\/\n            padding: 0px;\n            background: #fff;\n                    }\n\n        #post-grid-8584 .item .layer-media {\n            height:auto;        }\n\n        @media only screen and (min-width: 0px) and (max-width: 767px) {\n            #post-grid-8584 .grid-items {\n                text-align: center;\n                ;\n\n            }\n\n            #post-grid-8584 .item {\n                width: 90%;\n                margin: 10px;\n                display: inline-block;\n                vertical-align: top;\n\n                height:auto;            }\n        }\n\n        @media only screen and (min-width: 768px) and (max-width: 1023px) {\n            #post-grid-8584 .grid-items {\n                 text-align: center;\n                            }\n\n            #post-grid-8584 .item {\n                width: 280px;\n                margin: 10px;\n                display: inline-block;\n                vertical-align: top;\n                max-height:auto;            }\n        }\n\n        @media only screen and (min-width: 1024px) {\n            #post-grid-8584 .grid-items {\n                text-align: center;\n                            }\n\n            #post-grid-8584 .item {\n                width: 280px;\n                display: inline-block;\n                margin: 10px;\n                vertical-align: top;\n                height:auto;            }\n        }\n\n            <\/style>\n    <\/div>\n\n\n\t\t<\/div>\n\t<\/div>\n\t<\/div>\n<\/div><\/div>","protected":false},"excerpt":{"rendered":"Am Dienstag den 01.12.2020 trat ein Gesetz zur Modernisierung des Wohnungseigentumsrecht in Kraft. Bestandteil dieses Gesetzes ist eine umfassende Neustrukturierung der bisherigen Organe der Gemeinschaft von Wohnungseigent\u00fcmern. Die grundlegenden Ver\u00e4nderungen sind hier zusammengefasst. Organe der Gemeinschaft der Wohnungseigent\u00fcmer Nach der Neukonzeption ist die Gemeinschaft der Wohnungseigent\u00fcmer vollrechtsf\u00e4higer Tr\u00e4ger s\u00e4mtlicher gemeinschaftsbezogener Rechte und Pflichten sowie solcher [...]","protected":false},"author":3,"featured_media":0,"parent":0,"menu_order":0,"comment_status":"closed","ping_status":"closed","template":"","meta":{"footnotes":""},"class_list":["post-8512","page","type-page","status-publish","hentry"],"_links":{"self":[{"href":"https:\/\/leipzig-recht.de\/en\/wp-json\/wp\/v2\/pages\/8512","targetHints":{"allow":["GET"]}}],"collection":[{"href":"https:\/\/leipzig-recht.de\/en\/wp-json\/wp\/v2\/pages"}],"about":[{"href":"https:\/\/leipzig-recht.de\/en\/wp-json\/wp\/v2\/types\/page"}],"author":[{"embeddable":true,"href":"https:\/\/leipzig-recht.de\/en\/wp-json\/wp\/v2\/users\/3"}],"replies":[{"embeddable":true,"href":"https:\/\/leipzig-recht.de\/en\/wp-json\/wp\/v2\/comments?post=8512"}],"version-history":[{"count":5,"href":"https:\/\/leipzig-recht.de\/en\/wp-json\/wp\/v2\/pages\/8512\/revisions"}],"predecessor-version":[{"id":8585,"href":"https:\/\/leipzig-recht.de\/en\/wp-json\/wp\/v2\/pages\/8512\/revisions\/8585"}],"wp:attachment":[{"href":"https:\/\/leipzig-recht.de\/en\/wp-json\/wp\/v2\/media?parent=8512"}],"curies":[{"name":"wp","href":"https:\/\/api.w.org\/{rel}","templated":true}]}}