{"id":8515,"date":"2021-03-30T15:22:52","date_gmt":"2021-03-30T13:22:52","guid":{"rendered":"http:\/\/leipzig-recht.de\/?page_id=8515"},"modified":"2024-03-28T13:43:07","modified_gmt":"2024-03-28T12:43:07","slug":"beitraege","status":"publish","type":"page","link":"https:\/\/leipzig-recht.de\/en\/beitraege\/","title":{"rendered":"Articles"},"content":{"rendered":"<div  class=\"vc_row wpb_row vc_row-fluid ts-row-wide\"   ><div class=\"wpb_column vc_column_container vc_col-sm-12\">\n\t<div class=\"wpb_wrapper\">\n\t\t<\/div>\n<\/div><\/div>\t<div  class=\"vc_row wpb_row vc_row-fluid ts-row-wide\"   ><div class=\"wpb_column vc_column_container vc_col-sm-12\">\n\t<div class=\"wpb_wrapper\">\n\t\n\t<div class=\"wpb_text_column wpb_content_element\" >\n\t\t<div class=\"wpb_wrapper\">\n\t\t\t<h5 style=\"text-align: justify;\">We publish monthly articles that deal with the areas of labor law, tenancy law or residential property law. This way, you can find out about the latest tips, legal situations, new regulations and ordinances on your own.<\/h5>\n\n\t\t<\/div>\n\t<\/div>\n\t<\/div>\n<\/div><\/div>\t<div  class=\"vc_row wpb_row vc_row-fluid ts-row-wide\"   ><div class=\"wpb_column vc_column_container vc_col-sm-12\">\n\t<div class=\"wpb_wrapper\">\n\t<div class=\"vc_separator wpb_content_element vc_separator_align_center vc_sep_width_100 vc_sep_pos_align_center vc_separator_no_text vc_sep_color_grey\" ><span class=\"vc_sep_holder vc_sep_holder_l\"><span  class=\"vc_sep_line\"><\/span><\/span><span class=\"vc_sep_holder vc_sep_holder_r\"><span  class=\"vc_sep_line\"><\/span><\/span>\n<\/div>\t<\/div>\n<\/div><\/div>\t<div  class=\"vc_row wpb_row vc_row-fluid ts-row-wide\"   ><div class=\"wpb_column vc_column_container vc_col-sm-4\">\n\t<div class=\"wpb_wrapper\">\n\t\t<div class=\"ts-feature-wrapper  feature-vertical text-default icon-small has-border has-image thumbnail-hover-effect\">\n\t\t<div class=\"feature-content\" style=\"border-color:#ebebeb\">\n\t\t\t<div class=\"feature-wrapper\">\n\t\t\t\t\t\t\t\t\n\t\t\t\t\t\t\t\t\t\n\t\t\t\t\t<a target=\"_self\" class=\"feature-thumbnail\" href=\"\/en\/beitraege-arbeitsrecht\/\" >\n\t\t\t\t\t\t<img loading=\"lazy\" decoding=\"async\" width=\"500\" height=\"333\" src=\"https:\/\/leipzig-recht.de\/wp-content\/uploads\/2020\/01\/arbeitsrecht-wessner-leipzig.jpg\" class=\"img\" alt=\"\" srcset=\"https:\/\/leipzig-recht.de\/wp-content\/uploads\/2020\/01\/arbeitsrecht-wessner-leipzig.jpg 500w, https:\/\/leipzig-recht.de\/wp-content\/uploads\/2020\/01\/arbeitsrecht-wessner-leipzig-300x200.jpg 300w, https:\/\/leipzig-recht.de\/wp-content\/uploads\/2020\/01\/arbeitsrecht-wessner-leipzig-480x320.jpg 480w\" sizes=\"auto, (max-width: 500px) 100vw, 500px\" \/> \n\t\t\t\t\t\t<span class=\"overlay\"><\/span>\n\t\t\t\t\t<\/a>\n\t\t\t\t\t\n\t\t\t\t\t\t\t\t\n\t\t\t\t\t<header class=\"feature-header\">\n\t\t\t\t\n\t\t\t\t\t\t\t\t\t\t\t<h3 class=\"feature-title heading-title entry-title\">\n\t\t\t\t\t\t\t<a target=\"_self\" href=\"\/en\/beitraege-arbeitsrecht\/\">Labour Law Articles<\/a>\n\t\t\t\t\t\t<\/h3>\n\t\t\t\t\t\t\t\t\t\t\n\t\t\t\t\t\t\t\t\t\t\t<div class=\"feature-excerpt\">\n\t\t\t\t\t\t\tHere you will find our latest articles on labor law.\t\t\t\t\t\t<\/div>\n\t\t\t\t\t\t\t\t\t\n\t\t\t\t\t<\/header>\n\t\t\t<\/div>\n\t\t<\/div>\n\t<\/div>\n\t\t<\/div>\n<\/div><div class=\"wpb_column vc_column_container vc_col-sm-4\">\n\t<div class=\"wpb_wrapper\">\n\t\t<div class=\"ts-feature-wrapper  feature-vertical text-default icon-small has-border has-image thumbnail-hover-effect\">\n\t\t<div class=\"feature-content\" style=\"border-color:#ebebeb\">\n\t\t\t<div class=\"feature-wrapper\">\n\t\t\t\t\t\t\t\t\n\t\t\t\t\t\t\t\t\t\n\t\t\t\t\t<a target=\"_self\" class=\"feature-thumbnail\" href=\"\/en\/beitraege-mietrecht\/\" >\n\t\t\t\t\t\t<img loading=\"lazy\" decoding=\"async\" width=\"500\" height=\"333\" src=\"https:\/\/leipzig-recht.de\/wp-content\/uploads\/2020\/01\/mietrecht-wessner-leipzig.jpg\" class=\"img\" alt=\"\" srcset=\"https:\/\/leipzig-recht.de\/wp-content\/uploads\/2020\/01\/mietrecht-wessner-leipzig.jpg 500w, https:\/\/leipzig-recht.de\/wp-content\/uploads\/2020\/01\/mietrecht-wessner-leipzig-300x200.jpg 300w, https:\/\/leipzig-recht.de\/wp-content\/uploads\/2020\/01\/mietrecht-wessner-leipzig-480x320.jpg 480w\" sizes=\"auto, (max-width: 500px) 100vw, 500px\" \/> \n\t\t\t\t\t\t<span class=\"overlay\"><\/span>\n\t\t\t\t\t<\/a>\n\t\t\t\t\t\n\t\t\t\t\t\t\t\t\n\t\t\t\t\t<header class=\"feature-header\">\n\t\t\t\t\n\t\t\t\t\t\t\t\t\t\t\t<h3 class=\"feature-title heading-title entry-title\">\n\t\t\t\t\t\t\t<a target=\"_self\" href=\"\/en\/beitraege-mietrecht\/\">Tenancy Law Articles<\/a>\n\t\t\t\t\t\t<\/h3>\n\t\t\t\t\t\t\t\t\t\t\n\t\t\t\t\t\t\t\t\t\t\t<div class=\"feature-excerpt\">\n\t\t\t\t\t\t\tHere you will find our latest articles on tenancy law.\t\t\t\t\t\t<\/div>\n\t\t\t\t\t\t\t\t\t\n\t\t\t\t\t<\/header>\n\t\t\t<\/div>\n\t\t<\/div>\n\t<\/div>\n\t\t<\/div>\n<\/div><div class=\"wpb_column vc_column_container vc_col-sm-4\">\n\t<div class=\"wpb_wrapper\">\n\t\t<div class=\"ts-feature-wrapper  feature-vertical text-default icon-small has-border has-image thumbnail-hover-effect\">\n\t\t<div class=\"feature-content\" style=\"border-color:#ebebeb\">\n\t\t\t<div class=\"feature-wrapper\">\n\t\t\t\t\t\t\t\t\n\t\t\t\t\t\t\t\t\t\n\t\t\t\t\t<a target=\"_self\" class=\"feature-thumbnail\" href=\"\/en\/beitraege-wohnungseigentumsrecht\/\" >\n\t\t\t\t\t\t<img loading=\"lazy\" decoding=\"async\" width=\"500\" height=\"333\" src=\"https:\/\/leipzig-recht.de\/wp-content\/uploads\/2020\/01\/wessner-leipzig-recht.jpg\" class=\"img\" alt=\"\" srcset=\"https:\/\/leipzig-recht.de\/wp-content\/uploads\/2020\/01\/wessner-leipzig-recht.jpg 500w, https:\/\/leipzig-recht.de\/wp-content\/uploads\/2020\/01\/wessner-leipzig-recht-300x200.jpg 300w, https:\/\/leipzig-recht.de\/wp-content\/uploads\/2020\/01\/wessner-leipzig-recht-480x320.jpg 480w\" sizes=\"auto, (max-width: 500px) 100vw, 500px\" \/> \n\t\t\t\t\t\t<span class=\"overlay\"><\/span>\n\t\t\t\t\t<\/a>\n\t\t\t\t\t\n\t\t\t\t\t\t\t\t\n\t\t\t\t\t<header class=\"feature-header\">\n\t\t\t\t\n\t\t\t\t\t\t\t\t\t\t\t<h3 class=\"feature-title heading-title entry-title\">\n\t\t\t\t\t\t\t<a target=\"_self\" href=\"\/en\/beitraege-wohnungseigentumsrecht\/\">Residential Property Law Articles<\/a>\n\t\t\t\t\t\t<\/h3>\n\t\t\t\t\t\t\t\t\t\t\n\t\t\t\t\t\t\t\t\t\t\t<div class=\"feature-excerpt\">\n\t\t\t\t\t\t\tHere you will find our latest articles on residential property law.\t\t\t\t\t\t<\/div>\n\t\t\t\t\t\t\t\t\t\n\t\t\t\t\t<\/header>\n\t\t\t<\/div>\n\t\t<\/div>\n\t<\/div>\n\t\t<\/div>\n<\/div><\/div>","protected":false},"excerpt":{"rendered":"Wir ver\u00f6ffentlichen monatlich Artikel, welche sich mit den Fachgebieten Arbeitsrecht, Mietrecht oder Wohnungseigentumsrecht befassen. So k\u00f6nnen Sie sich selbstst\u00e4ndig \u00fcber die aktuellsten Tipps, Rechtslagen, Neuregelungen und Verordnungen informieren. BEITR\u00c4GE ARBEITSRECHT Hier finden Sie unsere neuesten Beitr\u00e4ge zum Thema Arbeitsrecht. BEITR\u00c4GE MIETRECHT Hier finden Sie unsere neuesten Beitr\u00e4ge zum Thema Mietrecht. BEITR\u00c4GE WOHNUNGSEIGENTUMSRECHT (WEG) Hier finden [...]","protected":false},"author":3,"featured_media":0,"parent":0,"menu_order":0,"comment_status":"closed","ping_status":"closed","template":"","meta":{"footnotes":""},"class_list":["post-8515","page","type-page","status-publish","hentry"],"_links":{"self":[{"href":"https:\/\/leipzig-recht.de\/en\/wp-json\/wp\/v2\/pages\/8515","targetHints":{"allow":["GET"]}}],"collection":[{"href":"https:\/\/leipzig-recht.de\/en\/wp-json\/wp\/v2\/pages"}],"about":[{"href":"https:\/\/leipzig-recht.de\/en\/wp-json\/wp\/v2\/types\/page"}],"author":[{"embeddable":true,"href":"https:\/\/leipzig-recht.de\/en\/wp-json\/wp\/v2\/users\/3"}],"replies":[{"embeddable":true,"href":"https:\/\/leipzig-recht.de\/en\/wp-json\/wp\/v2\/comments?post=8515"}],"version-history":[{"count":14,"href":"https:\/\/leipzig-recht.de\/en\/wp-json\/wp\/v2\/pages\/8515\/revisions"}],"predecessor-version":[{"id":8849,"href":"https:\/\/leipzig-recht.de\/en\/wp-json\/wp\/v2\/pages\/8515\/revisions\/8849"}],"wp:attachment":[{"href":"https:\/\/leipzig-recht.de\/en\/wp-json\/wp\/v2\/media?parent=8515"}],"curies":[{"name":"wp","href":"https:\/\/api.w.org\/{rel}","templated":true}]}}